{"id":221,"date":"2024-03-20T05:48:07","date_gmt":"2024-03-20T05:48:07","guid":{"rendered":"https:\/\/crowdytheme.com\/wp\/info\/film-maker\/?page_id=221"},"modified":"2024-07-16T04:20:18","modified_gmt":"2024-07-16T04:20:18","slug":"blog-i-erret","status":"publish","type":"page","link":"https:\/\/botoxtirana.com\/sq\/blog-dark\/","title":{"rendered":"Blog Dark"},"content":{"rendered":"<div data-elementor-type=\"wp-page\" data-elementor-id=\"221\" class=\"elementor elementor-221\" data-elementor-post-type=\"page\">\n\t\t\t\t<div class=\"elementor-element elementor-element-82b4a83 e-flex e-con-boxed wcf-starter-animations-none e-con e-parent\" data-id=\"82b4a83\" data-element_type=\"container\" data-e-type=\"container\" data-settings=\"{&quot;background_background&quot;:&quot;classic&quot;,&quot;wcf_pin_breakpoint&quot;:&quot;mobile&quot;}\">\n\t\t\t\t\t<div class=\"e-con-inner\">\n\t\t\t\t<div class=\"elementor-element elementor-element-cd970aa elementor-widget-mobile__width-inherit elementor-widget__width-initial elementor-widget-mobile_extra__width-inherit wcf-starter-animations-none elementor-widget elementor-widget-wcf--title\" data-id=\"cd970aa\" data-element_type=\"widget\" data-e-type=\"widget\" data-settings=\"{&quot;wcf_starter_animations&quot;:&quot;none&quot;,&quot;wcf_anim_duration&quot;:1000,&quot;wcf_anim_delay&quot;:0,&quot;wcf_anim_ease&quot;:&quot;ease&quot;,&quot;text_on_scroll&quot;:&quot;yes&quot;}\" data-widget_type=\"wcf--title.default\">\n\t\t\t\t<div class=\"elementor-widget-container\">\n\t\t\t\t\t<h2 class=\"wcf--title\">Revistat e fundit<\/h2>\t\t\t\t<\/div>\n\t\t\t\t<\/div>\n\t\t<div class=\"elementor-element elementor-element-5580ba3 e-con-full e-flex wcf-starter-animations-none e-con e-child\" data-id=\"5580ba3\" data-element_type=\"container\" data-e-type=\"container\" data-settings=\"{&quot;wcf_pin_breakpoint&quot;:&quot;mobile&quot;}\">\n\t\t\t\t<div class=\"elementor-element elementor-element-7887d3c wcf--image-effect-zoom-in elementor-widget elementor-widget-wcf--posts\" data-id=\"7887d3c\" data-element_type=\"widget\" data-e-type=\"widget\" data-widget_type=\"wcf--posts.default\">\n\t\t\t\t<div class=\"elementor-widget-container\">\n\t\t\t\t\t        <div class=\"wcf__posts style-1\">        <div class=\"wcf-posts\">\r\n\t\t        <article class=\"wcf-post post-2014 post type-post status-publish format-standard has-post-thumbnail hentry category-beauty-trends tag-albanian-women tag-beauty-trend tag-confidence tag-cultural-influence tag-dua-lipa\">\r\n\t\t\t        <div class=\"thumb\">\r\n            <a href=\"https:\/\/botoxtirana.com\/sq\/discover-albanian-beauty-trends-dua-lipas-confidence-inspires\/\" aria-label=\"Zbuloni tendencat e bukuris\u00eb shqiptare: Besimi i Dua Lipas frym\u00ebzon\">\r\n\t\t\t\t<img fetchpriority=\"high\" decoding=\"async\" width=\"1216\" height=\"832\" src=\"https:\/\/botoxtirana.com\/wp-content\/uploads\/2024\/10\/png-2.png\" class=\"attachment-full size-full wp-image-2017\" alt=\"Dua Lipa frym\u00ebzon bukurin\u00eb shqiptare\" srcset=\"https:\/\/botoxtirana.com\/wp-content\/uploads\/2024\/10\/png-2.png 1216w, https:\/\/botoxtirana.com\/wp-content\/uploads\/2024\/10\/png-2-300x205.png 300w, https:\/\/botoxtirana.com\/wp-content\/uploads\/2024\/10\/png-2-1024x701.png 1024w, https:\/\/botoxtirana.com\/wp-content\/uploads\/2024\/10\/png-2-768x525.png 768w, https:\/\/botoxtirana.com\/wp-content\/uploads\/2024\/10\/png-2-18x12.png 18w\" sizes=\"(max-width: 1216px) 100vw, 1216px\" \/>            <\/a>\r\n        <\/div>\r\n\t\t\r\n            <div class=\"content\">\r\n\t\t\t\t        <ul class=\"wcf-meta\">\r\n\t\t\t        <li>\r\n\t\t<span>\r\n\t\t\t15 Tetor, 2024\t\t<\/span>\r\n        <\/li>\r\n\t\t        <\/ul>\r\n\t\t        <h3 class=\"title\">\r\n        <a href=\"https:\/\/botoxtirana.com\/sq\/discover-albanian-beauty-trends-dua-lipas-confidence-inspires\/\">\r\n\t\t\t<span class=\"highlight\"><\/span> Zbuloni tendencat e bukuris\u00eb shqiptare: Besimi i Dua Lipas frym\u00ebzon        <\/a>\r\n        <\/h3>\r\n\t\t\r\n        <a class=\"link right\"\r\n           href=\"https:\/\/botoxtirana.com\/sq\/discover-albanian-beauty-trends-dua-lipas-confidence-inspires\/\"\r\n           tabindex=\"-1\">\r\n            <span class=\"screen-reader-text\">Read more about Discover Albanian Beauty Trends: Dua Lipas Confidence Inspires<\/span>\r\n\t\t\t<svg xmlns=\"http:\/\/www.w3.org\/2000\/svg\" width=\"16\" height=\"15\" viewbox=\"0 0 16 15\"><path id=\"Union\" fill-rule=\"evenodd\" clip-rule=\"evenodd\" d=\"M9.57664 3.85934C7.89169 3.74776 6.28272 3.06599 5.1279 2.17083L6.05054 0.988524C6.99229 1.71853 8.32534 2.28172 9.69465 2.3724C11.0414 2.46159 12.3922 2.0954 13.4813 1.01475C13.486 1.01001 13.4907 1.00527 13.4954 1.00054L14.5422 2.04728L14.5422 2.04733L14.5422 2.04738L14.5341 2.0555L14.5258 2.06376C13.4813 3.11973 13.1842 4.52933 13.3972 6.02511C13.6129 7.53949 14.3473 9.06457 15.244 10.1798L14.0779 11.1229C13.0394 9.8314 12.1798 8.06556 11.9219 6.25429C11.8504 5.75249 11.8248 5.24145 11.8563 4.73325L1.81431 14.7753L0.767571 13.7285L10.6455 3.8506C10.2873 3.881 9.92965 3.88272 9.57664 3.85934Z\"><\/path><\/svg>\t\t\tShiko m\u00eb shum\u00eb        <\/a>\r\n\t\t            <\/div>\r\n        <\/article>\r\n\t\t        <article class=\"wcf-post post-2028 post type-post status-publish format-standard has-post-thumbnail hentry category-beauty-trends tag-autumn-beauty tag-beauty-trends tag-fall-makeup-trends tag-makeup-update tag-seasonal-makeup\">\r\n\t\t\t        <div class=\"thumb\">\r\n            <a href=\"https:\/\/botoxtirana.com\/sq\/discover-5-must-try-fall-makeup-trends-taking-over-this-season\/\" aria-label=\"Zbuloni 5 tendencat e grimit q\u00eb duhet t\u00eb provoni q\u00eb duhet t\u00eb provoni k\u00ebt\u00eb sezon\">\r\n\t\t\t\t<img decoding=\"async\" width=\"1216\" height=\"832\" src=\"https:\/\/botoxtirana.com\/wp-content\/uploads\/2024\/10\/png-4.png\" class=\"attachment-full size-full wp-image-2031\" alt=\"Ekspozita e tendencave t\u00eb grimit t\u00eb vjesht\u00ebs\" srcset=\"https:\/\/botoxtirana.com\/wp-content\/uploads\/2024\/10\/png-4.png 1216w, https:\/\/botoxtirana.com\/wp-content\/uploads\/2024\/10\/png-4-300x205.png 300w, https:\/\/botoxtirana.com\/wp-content\/uploads\/2024\/10\/png-4-1024x701.png 1024w, https:\/\/botoxtirana.com\/wp-content\/uploads\/2024\/10\/png-4-768x525.png 768w, https:\/\/botoxtirana.com\/wp-content\/uploads\/2024\/10\/png-4-18x12.png 18w\" sizes=\"(max-width: 1216px) 100vw, 1216px\" \/>            <\/a>\r\n        <\/div>\r\n\t\t\r\n            <div class=\"content\">\r\n\t\t\t\t        <ul class=\"wcf-meta\">\r\n\t\t\t        <li>\r\n\t\t<span>\r\n\t\t\t15 Tetor, 2024\t\t<\/span>\r\n        <\/li>\r\n\t\t        <\/ul>\r\n\t\t        <h3 class=\"title\">\r\n        <a href=\"https:\/\/botoxtirana.com\/sq\/discover-5-must-try-fall-makeup-trends-taking-over-this-season\/\">\r\n\t\t\t<span class=\"highlight\"><\/span> Zbuloni 5 tendencat e grimit q\u00eb duhet t\u00eb provoni q\u00eb duhet t\u00eb provoni k\u00ebt\u00eb sezon        <\/a>\r\n        <\/h3>\r\n\t\t\r\n        <a class=\"link right\"\r\n           href=\"https:\/\/botoxtirana.com\/sq\/discover-5-must-try-fall-makeup-trends-taking-over-this-season\/\"\r\n           tabindex=\"-1\">\r\n            <span class=\"screen-reader-text\">Read more about Discover 5 Must-Try Fall Makeup Trends Taking Over This Season<\/span>\r\n\t\t\t<svg xmlns=\"http:\/\/www.w3.org\/2000\/svg\" width=\"16\" height=\"15\" viewbox=\"0 0 16 15\"><path id=\"Union\" fill-rule=\"evenodd\" clip-rule=\"evenodd\" d=\"M9.57664 3.85934C7.89169 3.74776 6.28272 3.06599 5.1279 2.17083L6.05054 0.988524C6.99229 1.71853 8.32534 2.28172 9.69465 2.3724C11.0414 2.46159 12.3922 2.0954 13.4813 1.01475C13.486 1.01001 13.4907 1.00527 13.4954 1.00054L14.5422 2.04728L14.5422 2.04733L14.5422 2.04738L14.5341 2.0555L14.5258 2.06376C13.4813 3.11973 13.1842 4.52933 13.3972 6.02511C13.6129 7.53949 14.3473 9.06457 15.244 10.1798L14.0779 11.1229C13.0394 9.8314 12.1798 8.06556 11.9219 6.25429C11.8504 5.75249 11.8248 5.24145 11.8563 4.73325L1.81431 14.7753L0.767571 13.7285L10.6455 3.8506C10.2873 3.881 9.92965 3.88272 9.57664 3.85934Z\"><\/path><\/svg>\t\t\tShiko m\u00eb shum\u00eb        <\/a>\r\n\t\t            <\/div>\r\n        <\/article>\r\n\t\t        <article class=\"wcf-post post-2035 post type-post status-publish format-standard has-post-thumbnail hentry category-beauty-trends tag-beauty-updates tag-fall-2024 tag-highlighter tag-makeup-trends tag-party-girl-eyeliner\">\r\n\t\t\t        <div class=\"thumb\">\r\n            <a href=\"https:\/\/botoxtirana.com\/sq\/discover-fall-2024s-makeup-trends-party-girl-eyeliner-and-the-highlighter-comeback\/\" aria-label=\"Zbuloni tendencat e grimit t\u00eb vjesht\u00ebs 2024: Rikthimi i eyeliner-it p\u00ebr Girl Party dhe kthimi i highlighter-it\">\r\n\t\t\t\t<img decoding=\"async\" width=\"1216\" height=\"832\" src=\"https:\/\/botoxtirana.com\/wp-content\/uploads\/2024\/10\/png-5.png\" class=\"attachment-full size-full wp-image-2038\" alt=\"Tendencat e grimit t\u00eb vjesht\u00ebs 2024: Theksimi i eyeliner-it\" srcset=\"https:\/\/botoxtirana.com\/wp-content\/uploads\/2024\/10\/png-5.png 1216w, https:\/\/botoxtirana.com\/wp-content\/uploads\/2024\/10\/png-5-300x205.png 300w, https:\/\/botoxtirana.com\/wp-content\/uploads\/2024\/10\/png-5-1024x701.png 1024w, https:\/\/botoxtirana.com\/wp-content\/uploads\/2024\/10\/png-5-768x525.png 768w, https:\/\/botoxtirana.com\/wp-content\/uploads\/2024\/10\/png-5-18x12.png 18w\" sizes=\"(max-width: 1216px) 100vw, 1216px\" \/>            <\/a>\r\n        <\/div>\r\n\t\t\r\n            <div class=\"content\">\r\n\t\t\t\t        <ul class=\"wcf-meta\">\r\n\t\t\t        <li>\r\n\t\t<span>\r\n\t\t\t15 Tetor, 2024\t\t<\/span>\r\n        <\/li>\r\n\t\t        <\/ul>\r\n\t\t        <h3 class=\"title\">\r\n        <a href=\"https:\/\/botoxtirana.com\/sq\/discover-fall-2024s-makeup-trends-party-girl-eyeliner-and-the-highlighter-comeback\/\">\r\n\t\t\t<span class=\"highlight\"><\/span> Zbuloni tendencat e grimit t\u00eb vjesht\u00ebs 2024: Rikthimi i eyeliner-it p\u00ebr Girl Party dhe kthimi i highlighter-it        <\/a>\r\n        <\/h3>\r\n\t\t\r\n        <a class=\"link right\"\r\n           href=\"https:\/\/botoxtirana.com\/sq\/discover-fall-2024s-makeup-trends-party-girl-eyeliner-and-the-highlighter-comeback\/\"\r\n           tabindex=\"-1\">\r\n            <span class=\"screen-reader-text\">Read more about Discover Fall 2024s Makeup Trends: Party Girl Eyeliner and the Highlighter Comeback<\/span>\r\n\t\t\t<svg xmlns=\"http:\/\/www.w3.org\/2000\/svg\" width=\"16\" height=\"15\" viewbox=\"0 0 16 15\"><path id=\"Union\" fill-rule=\"evenodd\" clip-rule=\"evenodd\" d=\"M9.57664 3.85934C7.89169 3.74776 6.28272 3.06599 5.1279 2.17083L6.05054 0.988524C6.99229 1.71853 8.32534 2.28172 9.69465 2.3724C11.0414 2.46159 12.3922 2.0954 13.4813 1.01475C13.486 1.01001 13.4907 1.00527 13.4954 1.00054L14.5422 2.04728L14.5422 2.04733L14.5422 2.04738L14.5341 2.0555L14.5258 2.06376C13.4813 3.11973 13.1842 4.52933 13.3972 6.02511C13.6129 7.53949 14.3473 9.06457 15.244 10.1798L14.0779 11.1229C13.0394 9.8314 12.1798 8.06556 11.9219 6.25429C11.8504 5.75249 11.8248 5.24145 11.8563 4.73325L1.81431 14.7753L0.767571 13.7285L10.6455 3.8506C10.2873 3.881 9.92965 3.88272 9.57664 3.85934Z\"><\/path><\/svg>\t\t\tShiko m\u00eb shum\u00eb        <\/a>\r\n\t\t            <\/div>\r\n        <\/article>\r\n\t\t        <article class=\"wcf-post post-2043 post type-post status-publish format-standard has-post-thumbnail hentry category-beauty-trends tag-autumn-beauty tag-beauty-tips tag-colorful-makeup tag-makeup-trends tag-seasonal-makeup\">\r\n\t\t\t        <div class=\"thumb\">\r\n            <a href=\"https:\/\/botoxtirana.com\/sq\/8-easy-autumn-makeup-trends-to-try-now\/\" aria-label=\"8 tendenca t\u00eb thjeshta grimi t\u00eb vjesht\u00ebs p\u00ebr t&#039;i provuar tani\">\r\n\t\t\t\t<img loading=\"lazy\" decoding=\"async\" width=\"1216\" height=\"832\" src=\"https:\/\/botoxtirana.com\/wp-content\/uploads\/2024\/10\/png-6.png\" class=\"attachment-full size-full wp-image-2046\" alt=\"Tendencat e grimit t\u00eb vjesht\u00ebs 2023\" srcset=\"https:\/\/botoxtirana.com\/wp-content\/uploads\/2024\/10\/png-6.png 1216w, https:\/\/botoxtirana.com\/wp-content\/uploads\/2024\/10\/png-6-300x205.png 300w, https:\/\/botoxtirana.com\/wp-content\/uploads\/2024\/10\/png-6-1024x701.png 1024w, https:\/\/botoxtirana.com\/wp-content\/uploads\/2024\/10\/png-6-768x525.png 768w, https:\/\/botoxtirana.com\/wp-content\/uploads\/2024\/10\/png-6-18x12.png 18w\" sizes=\"(max-width: 1216px) 100vw, 1216px\" \/>            <\/a>\r\n        <\/div>\r\n\t\t\r\n            <div class=\"content\">\r\n\t\t\t\t        <ul class=\"wcf-meta\">\r\n\t\t\t        <li>\r\n\t\t<span>\r\n\t\t\t15 Tetor, 2024\t\t<\/span>\r\n        <\/li>\r\n\t\t        <\/ul>\r\n\t\t        <h3 class=\"title\">\r\n        <a href=\"https:\/\/botoxtirana.com\/sq\/8-easy-autumn-makeup-trends-to-try-now\/\">\r\n\t\t\t<span class=\"highlight\"><\/span> 8 tendenca t\u00eb thjeshta grimi t\u00eb vjesht\u00ebs p\u00ebr t&#039;i provuar tani        <\/a>\r\n        <\/h3>\r\n\t\t\r\n        <a class=\"link right\"\r\n           href=\"https:\/\/botoxtirana.com\/sq\/8-easy-autumn-makeup-trends-to-try-now\/\"\r\n           tabindex=\"-1\">\r\n            <span class=\"screen-reader-text\">Read more about 8 Easy Autumn Makeup Trends to Try Now<\/span>\r\n\t\t\t<svg xmlns=\"http:\/\/www.w3.org\/2000\/svg\" width=\"16\" height=\"15\" viewbox=\"0 0 16 15\"><path id=\"Union\" fill-rule=\"evenodd\" clip-rule=\"evenodd\" d=\"M9.57664 3.85934C7.89169 3.74776 6.28272 3.06599 5.1279 2.17083L6.05054 0.988524C6.99229 1.71853 8.32534 2.28172 9.69465 2.3724C11.0414 2.46159 12.3922 2.0954 13.4813 1.01475C13.486 1.01001 13.4907 1.00527 13.4954 1.00054L14.5422 2.04728L14.5422 2.04733L14.5422 2.04738L14.5341 2.0555L14.5258 2.06376C13.4813 3.11973 13.1842 4.52933 13.3972 6.02511C13.6129 7.53949 14.3473 9.06457 15.244 10.1798L14.0779 11.1229C13.0394 9.8314 12.1798 8.06556 11.9219 6.25429C11.8504 5.75249 11.8248 5.24145 11.8563 4.73325L1.81431 14.7753L0.767571 13.7285L10.6455 3.8506C10.2873 3.881 9.92965 3.88272 9.57664 3.85934Z\"><\/path><\/svg>\t\t\tShiko m\u00eb shum\u00eb        <\/a>\r\n\t\t            <\/div>\r\n        <\/article>\r\n\t\t        <article class=\"wcf-post post-2049 post type-post status-publish format-standard has-post-thumbnail hentry category-beauty-trends tag-autumn-makeup tag-bold-expressions tag-color-trends tag-seasonal-beauty tag-vibrant-hues\">\r\n\t\t\t        <div class=\"thumb\">\r\n            <a href=\"https:\/\/botoxtirana.com\/sq\/5-easy-makeup-trends-to-try-this-autumn-coveting-color\/\" aria-label=\"5 tendenca t\u00eb thjeshta grimi q\u00eb duhet t\u00eb provoni k\u00ebt\u00eb vjesht\u00eb: Ngjyr\u00eb lakmuese?\">\r\n\t\t\t\t<img loading=\"lazy\" decoding=\"async\" width=\"1216\" height=\"832\" src=\"https:\/\/botoxtirana.com\/wp-content\/uploads\/2024\/10\/png-7.png\" class=\"attachment-full size-full wp-image-2052\" alt=\"Tendencat e gjalla t\u00eb grimit t\u00eb vjesht\u00ebs\" srcset=\"https:\/\/botoxtirana.com\/wp-content\/uploads\/2024\/10\/png-7.png 1216w, https:\/\/botoxtirana.com\/wp-content\/uploads\/2024\/10\/png-7-300x205.png 300w, https:\/\/botoxtirana.com\/wp-content\/uploads\/2024\/10\/png-7-1024x701.png 1024w, https:\/\/botoxtirana.com\/wp-content\/uploads\/2024\/10\/png-7-768x525.png 768w, https:\/\/botoxtirana.com\/wp-content\/uploads\/2024\/10\/png-7-18x12.png 18w\" sizes=\"(max-width: 1216px) 100vw, 1216px\" \/>            <\/a>\r\n        <\/div>\r\n\t\t\r\n            <div class=\"content\">\r\n\t\t\t\t        <ul class=\"wcf-meta\">\r\n\t\t\t        <li>\r\n\t\t<span>\r\n\t\t\t15 Tetor, 2024\t\t<\/span>\r\n        <\/li>\r\n\t\t        <\/ul>\r\n\t\t        <h3 class=\"title\">\r\n        <a href=\"https:\/\/botoxtirana.com\/sq\/5-easy-makeup-trends-to-try-this-autumn-coveting-color\/\">\r\n\t\t\t<span class=\"highlight\"><\/span> 5 tendenca t\u00eb thjeshta grimi q\u00eb duhet t\u00eb provoni k\u00ebt\u00eb vjesht\u00eb: Ngjyr\u00eb lakmuese?        <\/a>\r\n        <\/h3>\r\n\t\t\r\n        <a class=\"link right\"\r\n           href=\"https:\/\/botoxtirana.com\/sq\/5-easy-makeup-trends-to-try-this-autumn-coveting-color\/\"\r\n           tabindex=\"-1\">\r\n            <span class=\"screen-reader-text\">Read more about 5 Easy Makeup Trends to Try This Autumn: Coveting Color?<\/span>\r\n\t\t\t<svg xmlns=\"http:\/\/www.w3.org\/2000\/svg\" width=\"16\" height=\"15\" viewbox=\"0 0 16 15\"><path id=\"Union\" fill-rule=\"evenodd\" clip-rule=\"evenodd\" d=\"M9.57664 3.85934C7.89169 3.74776 6.28272 3.06599 5.1279 2.17083L6.05054 0.988524C6.99229 1.71853 8.32534 2.28172 9.69465 2.3724C11.0414 2.46159 12.3922 2.0954 13.4813 1.01475C13.486 1.01001 13.4907 1.00527 13.4954 1.00054L14.5422 2.04728L14.5422 2.04733L14.5422 2.04738L14.5341 2.0555L14.5258 2.06376C13.4813 3.11973 13.1842 4.52933 13.3972 6.02511C13.6129 7.53949 14.3473 9.06457 15.244 10.1798L14.0779 11.1229C13.0394 9.8314 12.1798 8.06556 11.9219 6.25429C11.8504 5.75249 11.8248 5.24145 11.8563 4.73325L1.81431 14.7753L0.767571 13.7285L10.6455 3.8506C10.2873 3.881 9.92965 3.88272 9.57664 3.85934Z\"><\/path><\/svg>\t\t\tShiko m\u00eb shum\u00eb        <\/a>\r\n\t\t            <\/div>\r\n        <\/article>\r\n\t\t        <article class=\"wcf-post post-2056 post type-post status-publish format-standard has-post-thumbnail hentry category-beauty-trends tag-acne-solutions tag-aesthetic-enhancement tag-beauty-treatments tag-cosmetology tag-skin-problems\">\r\n\t\t\t        <div class=\"thumb\">\r\n            <a href=\"https:\/\/botoxtirana.com\/sq\/8-skin-problems-cosmetology-tackles-effectively\/\" aria-label=\"8 problemet e l\u00ebkur\u00ebs Kozmetologjia trajton n\u00eb m\u00ebnyr\u00eb efektive\">\r\n\t\t\t\t<img loading=\"lazy\" decoding=\"async\" width=\"1216\" height=\"832\" src=\"https:\/\/botoxtirana.com\/wp-content\/uploads\/2024\/10\/png-8.png\" class=\"attachment-full size-full wp-image-2059\" alt=\"Kozmetologjia trajton problemet e l\u00ebkur\u00ebs\" srcset=\"https:\/\/botoxtirana.com\/wp-content\/uploads\/2024\/10\/png-8.png 1216w, https:\/\/botoxtirana.com\/wp-content\/uploads\/2024\/10\/png-8-300x205.png 300w, https:\/\/botoxtirana.com\/wp-content\/uploads\/2024\/10\/png-8-1024x701.png 1024w, https:\/\/botoxtirana.com\/wp-content\/uploads\/2024\/10\/png-8-768x525.png 768w, https:\/\/botoxtirana.com\/wp-content\/uploads\/2024\/10\/png-8-18x12.png 18w\" sizes=\"(max-width: 1216px) 100vw, 1216px\" \/>            <\/a>\r\n        <\/div>\r\n\t\t\r\n            <div class=\"content\">\r\n\t\t\t\t        <ul class=\"wcf-meta\">\r\n\t\t\t        <li>\r\n\t\t<span>\r\n\t\t\t15 Tetor, 2024\t\t<\/span>\r\n        <\/li>\r\n\t\t        <\/ul>\r\n\t\t        <h3 class=\"title\">\r\n        <a href=\"https:\/\/botoxtirana.com\/sq\/8-skin-problems-cosmetology-tackles-effectively\/\">\r\n\t\t\t<span class=\"highlight\"><\/span> 8 problemet e l\u00ebkur\u00ebs Kozmetologjia trajton n\u00eb m\u00ebnyr\u00eb efektive        <\/a>\r\n        <\/h3>\r\n\t\t\r\n        <a class=\"link right\"\r\n           href=\"https:\/\/botoxtirana.com\/sq\/8-skin-problems-cosmetology-tackles-effectively\/\"\r\n           tabindex=\"-1\">\r\n            <span class=\"screen-reader-text\">Read more about 8 Skin Problems Cosmetology Tackles Effectively<\/span>\r\n\t\t\t<svg xmlns=\"http:\/\/www.w3.org\/2000\/svg\" width=\"16\" height=\"15\" viewbox=\"0 0 16 15\"><path id=\"Union\" fill-rule=\"evenodd\" clip-rule=\"evenodd\" d=\"M9.57664 3.85934C7.89169 3.74776 6.28272 3.06599 5.1279 2.17083L6.05054 0.988524C6.99229 1.71853 8.32534 2.28172 9.69465 2.3724C11.0414 2.46159 12.3922 2.0954 13.4813 1.01475C13.486 1.01001 13.4907 1.00527 13.4954 1.00054L14.5422 2.04728L14.5422 2.04733L14.5422 2.04738L14.5341 2.0555L14.5258 2.06376C13.4813 3.11973 13.1842 4.52933 13.3972 6.02511C13.6129 7.53949 14.3473 9.06457 15.244 10.1798L14.0779 11.1229C13.0394 9.8314 12.1798 8.06556 11.9219 6.25429C11.8504 5.75249 11.8248 5.24145 11.8563 4.73325L1.81431 14.7753L0.767571 13.7285L10.6455 3.8506C10.2873 3.881 9.92965 3.88272 9.57664 3.85934Z\"><\/path><\/svg>\t\t\tShiko m\u00eb shum\u00eb        <\/a>\r\n\t\t            <\/div>\r\n        <\/article>\r\n\t\t<\/div>            <nav class=\"post-pagination style-1\"                    aria-label=\"Pagination\">\r\n\t\t\t\t<span aria-current=\"page\" class=\"page-numbers current\"><span class=\"elementor-screen-only\">Page<\/span>1<\/span>\n<a class=\"page-numbers\" href=\"https:\/\/botoxtirana.com\/sq\/wp-json\/wp\/v2\/pages\/221\/page\/2\/\"><span class=\"elementor-screen-only\">Page<\/span>2<\/a>\n<a class=\"page-numbers\" href=\"https:\/\/botoxtirana.com\/sq\/wp-json\/wp\/v2\/pages\/221\/page\/3\/\"><span class=\"elementor-screen-only\">Page<\/span>3<\/a>\n<a class=\"page-numbers\" href=\"https:\/\/botoxtirana.com\/sq\/wp-json\/wp\/v2\/pages\/221\/page\/4\/\"><span class=\"elementor-screen-only\">Page<\/span>4<\/a>\n<a class=\"page-numbers\" href=\"https:\/\/botoxtirana.com\/sq\/wp-json\/wp\/v2\/pages\/221\/page\/5\/\"><span class=\"elementor-screen-only\">Page<\/span>5<\/a>\n<a class=\"next page-numbers\" href=\"https:\/\/botoxtirana.com\/sq\/wp-json\/wp\/v2\/pages\/221\/page\/2\/\">tjet\u00ebr <\/a>            <\/nav>\r\n\t\t\t<\/div>\t\t\t\t<\/div>\n\t\t\t\t<\/div>\n\t\t\t\t<div class=\"elementor-element elementor-element-6d03e96 wcf--image-effect-zoom-in elementor-widget elementor-widget-wcf--posts\" data-id=\"6d03e96\" data-element_type=\"widget\" data-e-type=\"widget\" data-widget_type=\"wcf--posts.default\">\n\t\t\t\t<div class=\"elementor-widget-container\">\n\t\t\t\t\t        <div class=\"wcf__posts style-1\">        <div class=\"wcf-posts\">\r\n\t\t        <article class=\"wcf-post post-2014 post type-post status-publish format-standard has-post-thumbnail hentry category-beauty-trends tag-albanian-women tag-beauty-trend tag-confidence tag-cultural-influence tag-dua-lipa\">\r\n\t\t\t        <div class=\"thumb\">\r\n            <a href=\"https:\/\/botoxtirana.com\/sq\/discover-albanian-beauty-trends-dua-lipas-confidence-inspires\/\" aria-label=\"Zbuloni tendencat e bukuris\u00eb shqiptare: Besimi i Dua Lipas frym\u00ebzon\">\r\n\t\t\t\t<img fetchpriority=\"high\" decoding=\"async\" width=\"1216\" height=\"832\" src=\"https:\/\/botoxtirana.com\/wp-content\/uploads\/2024\/10\/png-2.png\" class=\"attachment-full size-full wp-image-2017\" alt=\"Dua Lipa frym\u00ebzon bukurin\u00eb shqiptare\" srcset=\"https:\/\/botoxtirana.com\/wp-content\/uploads\/2024\/10\/png-2.png 1216w, https:\/\/botoxtirana.com\/wp-content\/uploads\/2024\/10\/png-2-300x205.png 300w, https:\/\/botoxtirana.com\/wp-content\/uploads\/2024\/10\/png-2-1024x701.png 1024w, https:\/\/botoxtirana.com\/wp-content\/uploads\/2024\/10\/png-2-768x525.png 768w, https:\/\/botoxtirana.com\/wp-content\/uploads\/2024\/10\/png-2-18x12.png 18w\" sizes=\"(max-width: 1216px) 100vw, 1216px\" \/>            <\/a>\r\n        <\/div>\r\n\t\t\r\n            <div class=\"content\">\r\n\t\t\t\t        <ul class=\"wcf-meta\">\r\n\t\t\t        <li>\r\n\t\t<span>\r\n\t\t\t15 Tetor, 2024\t\t<\/span>\r\n        <\/li>\r\n\t\t        <\/ul>\r\n\t\t        <h3 class=\"title\">\r\n        <a href=\"https:\/\/botoxtirana.com\/sq\/discover-albanian-beauty-trends-dua-lipas-confidence-inspires\/\">\r\n\t\t\t<span class=\"highlight\"><\/span> Zbuloni tendencat e bukuris\u00eb shqiptare: Besimi i Dua Lipas frym\u00ebzon        <\/a>\r\n        <\/h3>\r\n\t\t\r\n        <a class=\"link right\"\r\n           href=\"https:\/\/botoxtirana.com\/sq\/discover-albanian-beauty-trends-dua-lipas-confidence-inspires\/\"\r\n           tabindex=\"-1\">\r\n            <span class=\"screen-reader-text\">Read more about Discover Albanian Beauty Trends: Dua Lipas Confidence Inspires<\/span>\r\n\t\t\t<svg xmlns=\"http:\/\/www.w3.org\/2000\/svg\" width=\"16\" height=\"15\" viewbox=\"0 0 16 15\"><path id=\"Union\" fill-rule=\"evenodd\" clip-rule=\"evenodd\" d=\"M9.57664 3.85934C7.89169 3.74776 6.28272 3.06599 5.1279 2.17083L6.05054 0.988524C6.99229 1.71853 8.32534 2.28172 9.69465 2.3724C11.0414 2.46159 12.3922 2.0954 13.4813 1.01475C13.486 1.01001 13.4907 1.00527 13.4954 1.00054L14.5422 2.04728L14.5422 2.04733L14.5422 2.04738L14.5341 2.0555L14.5258 2.06376C13.4813 3.11973 13.1842 4.52933 13.3972 6.02511C13.6129 7.53949 14.3473 9.06457 15.244 10.1798L14.0779 11.1229C13.0394 9.8314 12.1798 8.06556 11.9219 6.25429C11.8504 5.75249 11.8248 5.24145 11.8563 4.73325L1.81431 14.7753L0.767571 13.7285L10.6455 3.8506C10.2873 3.881 9.92965 3.88272 9.57664 3.85934Z\"><\/path><\/svg>\t\t\tShiko m\u00eb shum\u00eb        <\/a>\r\n\t\t            <\/div>\r\n        <\/article>\r\n\t\t<\/div><\/div>\t\t\t\t<\/div>\n\t\t\t\t<\/div>\n\t\t\t\t<\/div>\n\t\t\t\t\t<\/div>\n\t\t\t\t<\/div>\n\t\t\t\t<\/div>","protected":false},"excerpt":{"rendered":"<p>Recent journals January 30, 2024 Spotlight: Three First-Person Journeys Into the Heart View More January 30, 2024 Spotlight: Three First-Person Journeys Into the Heart View More January 30, 2024 Spotlight: Three First-Person Journeys Into the Heart View More January 30, 2024 Spotlight: Three First-Person Journeys Into the Heart View More January 30, 2024 Spotlight: Three [&hellip;]<\/p>\n","protected":false},"author":1,"featured_media":0,"parent":0,"menu_order":0,"comment_status":"closed","ping_status":"closed","template":"elementor_header_footer","meta":{"footnotes":""},"class_list":["post-221","page","type-page","status-publish","hentry"],"_links":{"self":[{"href":"https:\/\/botoxtirana.com\/sq\/wp-json\/wp\/v2\/pages\/221","targetHints":{"allow":["GET"]}}],"collection":[{"href":"https:\/\/botoxtirana.com\/sq\/wp-json\/wp\/v2\/pages"}],"about":[{"href":"https:\/\/botoxtirana.com\/sq\/wp-json\/wp\/v2\/types\/page"}],"author":[{"embeddable":true,"href":"https:\/\/botoxtirana.com\/sq\/wp-json\/wp\/v2\/users\/1"}],"replies":[{"embeddable":true,"href":"https:\/\/botoxtirana.com\/sq\/wp-json\/wp\/v2\/comments?post=221"}],"version-history":[{"count":0,"href":"https:\/\/botoxtirana.com\/sq\/wp-json\/wp\/v2\/pages\/221\/revisions"}],"wp:attachment":[{"href":"https:\/\/botoxtirana.com\/sq\/wp-json\/wp\/v2\/media?parent=221"}],"curies":[{"name":"wp","href":"https:\/\/api.w.org\/{rel}","templated":true}]}}